{"id":19,"date":"2025-04-28T09:52:13","date_gmt":"2025-04-28T09:52:13","guid":{"rendered":"https:\/\/chorale-steebrecken.lu\/?page_id=19"},"modified":"2025-04-29T09:41:11","modified_gmt":"2025-04-29T09:41:11","slug":"accueil","status":"publish","type":"page","link":"https:\/\/chorale-steebrecken.lu\/?page_id=19","title":{"rendered":"Starts\u00e4it"},"content":{"rendered":"\t\t<div data-elementor-type=\"wp-page\" data-elementor-id=\"19\" class=\"elementor elementor-19\" data-elementor-post-type=\"page\">\n\t\t\t\t<div class=\"elementor-element elementor-element-17f1b7f7 e-con-full e-flex e-con e-parent\" data-id=\"17f1b7f7\" data-element_type=\"container\" data-e-type=\"container\" data-settings=\"{&quot;background_background&quot;:&quot;classic&quot;}\">\n\t\t<div class=\"elementor-element elementor-element-476af089 e-con-full e-flex e-con e-child\" data-id=\"476af089\" data-element_type=\"container\" data-e-type=\"container\" data-settings=\"{&quot;background_background&quot;:&quot;classic&quot;}\">\n\t\t\t\t<div class=\"elementor-element elementor-element-45227f21 elementor-widget elementor-widget-heading\" data-id=\"45227f21\" data-element_type=\"widget\" data-e-type=\"widget\" data-widget_type=\"heading.default\">\n\t\t\t\t<div class=\"elementor-widget-container\">\n\t\t\t\t\t<h2 class=\"elementor-heading-title elementor-size-default\">Eng Passioun an Harmonie<\/h2>\t\t\t\t<\/div>\n\t\t\t\t<\/div>\n\t\t\t\t<div class=\"elementor-element elementor-element-7f0ca54a elementor-widget elementor-widget-heading\" data-id=\"7f0ca54a\" data-element_type=\"widget\" data-e-type=\"widget\" data-widget_type=\"heading.default\">\n\t\t\t\t<div class=\"elementor-widget-container\">\n\t\t\t\t\t<h2 class=\"elementor-heading-title elementor-size-default\">Chorale<BR>\nSt. Cecile<BR>\nSteebr\u00e9cken Biergem<\/h2>\t\t\t\t<\/div>\n\t\t\t\t<\/div>\n\t\t\t\t<div class=\"elementor-element elementor-element-3f76bb5d elementor-widget elementor-widget-text-editor\" data-id=\"3f76bb5d\" data-element_type=\"widget\" data-e-type=\"widget\" data-widget_type=\"text-editor.default\">\n\t\t\t\t<div class=\"elementor-widget-container\">\n\t\t\t\t\t\t\t\t\t<p>Mir sangen zesummen aus Leidenschaft a deelen d&#8217;Emotioun vun der Musek.<br \/>Gitt Deel vun eiser musikalescher Famill!<\/p>\t\t\t\t\t\t\t\t<\/div>\n\t\t\t\t<\/div>\n\t\t\t\t<div class=\"elementor-element elementor-element-426c5cd0 elementor-align-center elementor-widget elementor-widget-button\" data-id=\"426c5cd0\" data-element_type=\"widget\" data-e-type=\"widget\" data-widget_type=\"button.default\">\n\t\t\t\t<div class=\"elementor-widget-container\">\n\t\t\t\t\t\t\t\t\t<div class=\"elementor-button-wrapper\">\n\t\t\t\t\t<a class=\"elementor-button elementor-button-link elementor-size-lg elementor-animation-grow\" href=\"https:\/\/chorale-steebrecken.lu\/?page_id=152\">\n\t\t\t\t\t\t<span class=\"elementor-button-content-wrapper\">\n\t\t\t\t\t\t\t\t\t<span class=\"elementor-button-text\">D\u2019Chorale entdecken<\/span>\n\t\t\t\t\t<\/span>\n\t\t\t\t\t<\/a>\n\t\t\t\t<\/div>\n\t\t\t\t\t\t\t\t<\/div>\n\t\t\t\t<\/div>\n\t\t\t\t<\/div>\n\t\t\t\t<\/div>\n\t\t<div class=\"elementor-element elementor-element-c84d0c9 e-flex e-con-boxed e-con e-parent\" data-id=\"c84d0c9\" data-element_type=\"container\" data-e-type=\"container\" data-settings=\"{&quot;background_background&quot;:&quot;classic&quot;}\">\n\t\t\t\t\t<div class=\"e-con-inner\">\n\t\t<div class=\"elementor-element elementor-element-68dd2176 e-con-full e-flex e-con e-child\" data-id=\"68dd2176\" data-element_type=\"container\" data-e-type=\"container\">\n\t\t\t\t<div class=\"elementor-element elementor-element-2015ecb0 animated-slow elementor-invisible elementor-widget elementor-widget-heading\" data-id=\"2015ecb0\" data-element_type=\"widget\" data-e-type=\"widget\" data-settings=\"{&quot;_animation&quot;:&quot;slideInUp&quot;}\" data-widget_type=\"heading.default\">\n\t\t\t\t<div class=\"elementor-widget-container\">\n\t\t\t\t\t<h2 class=\"elementor-heading-title elementor-size-default\">Eng Gemeinsam Passioun,<BR>\nEng Eenzegaarteg Harmonie<\/h2>\t\t\t\t<\/div>\n\t\t\t\t<\/div>\n\t\t<div class=\"elementor-element elementor-element-6e57f337 e-con-full e-flex e-con e-child\" data-id=\"6e57f337\" data-element_type=\"container\" data-e-type=\"container\">\n\t\t\t\t<div class=\"elementor-element elementor-element-8a563ef elementor-widget elementor-widget-text-editor\" data-id=\"8a563ef\" data-element_type=\"widget\" data-e-type=\"widget\" data-widget_type=\"text-editor.default\">\n\t\t\t\t<div class=\"elementor-widget-container\">\n\t\t\t\t\t\t\t\t\t<p>Gegr\u00ebnnt vu Museksbegeeschterten, br\u00e9ngt d&#8217;Chorale vu Steebr\u00e9cken S\u00e4nger aus alle Richtungen zesummen, fir d&#8217;Magie vum Chouer-Gesang ze deelen. Mat eise Concerten an Eventer hale mir eng musikalesch Traditioun voller Emotiounen a Liewen. Kommt an entdeckt eist Universum!<\/p>\t\t\t\t\t\t\t\t<\/div>\n\t\t\t\t<\/div>\n\t\t\t\t<\/div>\n\t\t\t\t<\/div>\n\t\t\t\t\t<\/div>\n\t\t\t\t<\/div>\n\t\t<div class=\"elementor-element elementor-element-12bc63a6 e-flex e-con-boxed e-con e-parent\" data-id=\"12bc63a6\" data-element_type=\"container\" data-e-type=\"container\" data-settings=\"{&quot;background_background&quot;:&quot;classic&quot;}\">\n\t\t\t\t\t<div class=\"e-con-inner\">\n\t\t\t\t<div class=\"elementor-element elementor-element-152cd1e0 elementor-widget-mobile__width-inherit elementor-widget elementor-widget-gallery\" data-id=\"152cd1e0\" data-element_type=\"widget\" data-e-type=\"widget\" data-settings=\"{&quot;columns&quot;:3,&quot;gap&quot;:{&quot;unit&quot;:&quot;px&quot;,&quot;size&quot;:22,&quot;sizes&quot;:[]},&quot;overlay_title&quot;:&quot;caption&quot;,&quot;content_hover_animation&quot;:&quot;shrink&quot;,&quot;content_sequenced_animation&quot;:&quot;yes&quot;,&quot;lazyload&quot;:&quot;yes&quot;,&quot;gallery_layout&quot;:&quot;grid&quot;,&quot;columns_tablet&quot;:2,&quot;columns_mobile&quot;:1,&quot;gap_tablet&quot;:{&quot;unit&quot;:&quot;px&quot;,&quot;size&quot;:10,&quot;sizes&quot;:[]},&quot;gap_mobile&quot;:{&quot;unit&quot;:&quot;px&quot;,&quot;size&quot;:10,&quot;sizes&quot;:[]},&quot;link_to&quot;:&quot;file&quot;,&quot;aspect_ratio&quot;:&quot;3:2&quot;,&quot;overlay_background&quot;:&quot;yes&quot;}\" data-widget_type=\"gallery.default\">\n\t\t\t\t<div class=\"elementor-widget-container\">\n\t\t\t\t\t\t\t<div class=\"elementor-gallery__container\">\n\t\t\t\t\t\t\t<a class=\"e-gallery-item elementor-gallery-item elementor-animated-content\" href=\"https:\/\/chorale-steebrecken.lu\/wp-content\/uploads\/2025\/03\/last-scaled.jpg\" data-elementor-open-lightbox=\"yes\" data-elementor-lightbox-slideshow=\"152cd1e0\" data-elementor-lightbox-title=\"Chorale 2024\" data-e-action-hash=\"#elementor-action%3Aaction%3Dlightbox%26settings%3DeyJpZCI6NDEsInVybCI6Imh0dHBzOlwvXC9jaG9yYWxlLXN0ZWVicmVja2VuLmx1XC93cC1jb250ZW50XC91cGxvYWRzXC8yMDI1XC8wM1wvbGFzdC1zY2FsZWQuanBnIiwic2xpZGVzaG93IjoiMTUyY2QxZTAifQ%3D%3D\">\n\t\t\t\t\t<div class=\"e-gallery-image elementor-gallery-item__image\" data-thumbnail=\"https:\/\/chorale-steebrecken.lu\/wp-content\/uploads\/2025\/03\/last-1024x533.jpg\" data-width=\"800\" data-height=\"416\" aria-label=\"\" role=\"img\" ><\/div>\n\t\t\t\t\t\t\t\t\t\t\t<div class=\"elementor-gallery-item__overlay\"><\/div>\n\t\t\t\t\t\t\t\t\t\t\t\t\t\t\t<div class=\"elementor-gallery-item__content\">\n\t\t\t\t\t\t\t\t\t\t\t<\/div>\n\t\t\t\t\t\t\t\t\t<\/a>\n\t\t\t\t\t\t\t<a class=\"e-gallery-item elementor-gallery-item elementor-animated-content\" href=\"https:\/\/chorale-steebrecken.lu\/wp-content\/uploads\/2025\/03\/17.jpg\" data-elementor-open-lightbox=\"yes\" data-elementor-lightbox-slideshow=\"152cd1e0\" data-elementor-lightbox-title=\"17\" data-e-action-hash=\"#elementor-action%3Aaction%3Dlightbox%26settings%3DeyJpZCI6NTIsInVybCI6Imh0dHBzOlwvXC9jaG9yYWxlLXN0ZWVicmVja2VuLmx1XC93cC1jb250ZW50XC91cGxvYWRzXC8yMDI1XC8wM1wvMTcuanBnIiwic2xpZGVzaG93IjoiMTUyY2QxZTAifQ%3D%3D\">\n\t\t\t\t\t<div class=\"e-gallery-image elementor-gallery-item__image\" data-thumbnail=\"https:\/\/chorale-steebrecken.lu\/wp-content\/uploads\/2025\/03\/17.jpg\" data-width=\"792\" data-height=\"528\" aria-label=\"\" role=\"img\" ><\/div>\n\t\t\t\t\t\t\t\t\t\t\t<div class=\"elementor-gallery-item__overlay\"><\/div>\n\t\t\t\t\t\t\t\t\t\t\t\t\t\t\t<div class=\"elementor-gallery-item__content\">\n\t\t\t\t\t\t\t\t\t\t\t<\/div>\n\t\t\t\t\t\t\t\t\t<\/a>\n\t\t\t\t\t\t\t<a class=\"e-gallery-item elementor-gallery-item elementor-animated-content\" href=\"https:\/\/chorale-steebrecken.lu\/wp-content\/uploads\/2025\/03\/19.jpg\" data-elementor-open-lightbox=\"yes\" data-elementor-lightbox-slideshow=\"152cd1e0\" data-elementor-lightbox-title=\"19\" data-e-action-hash=\"#elementor-action%3Aaction%3Dlightbox%26settings%3DeyJpZCI6NTMsInVybCI6Imh0dHBzOlwvXC9jaG9yYWxlLXN0ZWVicmVja2VuLmx1XC93cC1jb250ZW50XC91cGxvYWRzXC8yMDI1XC8wM1wvMTkuanBnIiwic2xpZGVzaG93IjoiMTUyY2QxZTAifQ%3D%3D\">\n\t\t\t\t\t<div class=\"e-gallery-image elementor-gallery-item__image\" data-thumbnail=\"https:\/\/chorale-steebrecken.lu\/wp-content\/uploads\/2025\/03\/19.jpg\" data-width=\"792\" data-height=\"528\" aria-label=\"\" role=\"img\" ><\/div>\n\t\t\t\t\t\t\t\t\t\t\t<div class=\"elementor-gallery-item__overlay\"><\/div>\n\t\t\t\t\t\t\t\t\t\t\t\t\t\t\t<div class=\"elementor-gallery-item__content\">\n\t\t\t\t\t\t\t\t\t\t\t<\/div>\n\t\t\t\t\t\t\t\t\t<\/a>\n\t\t\t\t\t\t\t<a class=\"e-gallery-item elementor-gallery-item elementor-animated-content\" href=\"https:\/\/chorale-steebrecken.lu\/wp-content\/uploads\/2025\/03\/DSCN4126-scaled.jpg\" data-elementor-open-lightbox=\"yes\" data-elementor-lightbox-slideshow=\"152cd1e0\" data-elementor-lightbox-title=\"DSCN4126\" data-e-action-hash=\"#elementor-action%3Aaction%3Dlightbox%26settings%3DeyJpZCI6NTUsInVybCI6Imh0dHBzOlwvXC9jaG9yYWxlLXN0ZWVicmVja2VuLmx1XC93cC1jb250ZW50XC91cGxvYWRzXC8yMDI1XC8wM1wvRFNDTjQxMjYtc2NhbGVkLmpwZyIsInNsaWRlc2hvdyI6IjE1MmNkMWUwIn0%3D\">\n\t\t\t\t\t<div class=\"e-gallery-image elementor-gallery-item__image\" data-thumbnail=\"https:\/\/chorale-steebrecken.lu\/wp-content\/uploads\/2025\/03\/DSCN4126-1024x576.jpg\" data-width=\"800\" data-height=\"450\" aria-label=\"\" role=\"img\" ><\/div>\n\t\t\t\t\t\t\t\t\t\t\t<div class=\"elementor-gallery-item__overlay\"><\/div>\n\t\t\t\t\t\t\t\t\t\t\t\t\t\t\t<div class=\"elementor-gallery-item__content\">\n\t\t\t\t\t\t\t\t\t\t\t<\/div>\n\t\t\t\t\t\t\t\t\t<\/a>\n\t\t\t\t\t\t\t<a class=\"e-gallery-item elementor-gallery-item elementor-animated-content\" href=\"https:\/\/chorale-steebrecken.lu\/wp-content\/uploads\/2025\/03\/WhatsApp-Bild-2023-12-14-um-09.08.12_e161a51f.jpg\" data-elementor-open-lightbox=\"yes\" data-elementor-lightbox-slideshow=\"152cd1e0\" data-elementor-lightbox-title=\"WhatsApp Bild 2023-12-14 um 09.08.12_e161a51f\" data-e-action-hash=\"#elementor-action%3Aaction%3Dlightbox%26settings%3DeyJpZCI6NTYsInVybCI6Imh0dHBzOlwvXC9jaG9yYWxlLXN0ZWVicmVja2VuLmx1XC93cC1jb250ZW50XC91cGxvYWRzXC8yMDI1XC8wM1wvV2hhdHNBcHAtQmlsZC0yMDIzLTEyLTE0LXVtLTA5LjA4LjEyX2UxNjFhNTFmLmpwZyIsInNsaWRlc2hvdyI6IjE1MmNkMWUwIn0%3D\">\n\t\t\t\t\t<div class=\"e-gallery-image elementor-gallery-item__image\" data-thumbnail=\"https:\/\/chorale-steebrecken.lu\/wp-content\/uploads\/2025\/03\/WhatsApp-Bild-2023-12-14-um-09.08.12_e161a51f.jpg\" data-width=\"800\" data-height=\"600\" aria-label=\"\" role=\"img\" ><\/div>\n\t\t\t\t\t\t\t\t\t\t\t<div class=\"elementor-gallery-item__overlay\"><\/div>\n\t\t\t\t\t\t\t\t\t\t\t\t\t\t\t<div class=\"elementor-gallery-item__content\">\n\t\t\t\t\t\t\t\t\t\t\t<\/div>\n\t\t\t\t\t\t\t\t\t<\/a>\n\t\t\t\t\t\t\t<a class=\"e-gallery-item elementor-gallery-item elementor-animated-content\" href=\"https:\/\/chorale-steebrecken.lu\/wp-content\/uploads\/2025\/03\/9.jpg\" data-elementor-open-lightbox=\"yes\" data-elementor-lightbox-slideshow=\"152cd1e0\" data-elementor-lightbox-title=\"9\" data-e-action-hash=\"#elementor-action%3Aaction%3Dlightbox%26settings%3DeyJpZCI6NTksInVybCI6Imh0dHBzOlwvXC9jaG9yYWxlLXN0ZWVicmVja2VuLmx1XC93cC1jb250ZW50XC91cGxvYWRzXC8yMDI1XC8wM1wvOS5qcGciLCJzbGlkZXNob3ciOiIxNTJjZDFlMCJ9\">\n\t\t\t\t\t<div class=\"e-gallery-image elementor-gallery-item__image\" data-thumbnail=\"https:\/\/chorale-steebrecken.lu\/wp-content\/uploads\/2025\/03\/9-1024x768.jpg\" data-width=\"800\" data-height=\"600\" aria-label=\"\" role=\"img\" ><\/div>\n\t\t\t\t\t\t\t\t\t\t\t<div class=\"elementor-gallery-item__overlay\"><\/div>\n\t\t\t\t\t\t\t\t\t\t\t\t\t\t\t<div class=\"elementor-gallery-item__content\">\n\t\t\t\t\t\t\t\t\t\t\t<\/div>\n\t\t\t\t\t\t\t\t\t<\/a>\n\t\t\t\t\t<\/div>\n\t\t\t\t\t<\/div>\n\t\t\t\t<\/div>\n\t\t\t\t<div class=\"elementor-element elementor-element-1e39194 elementor-align-center elementor-widget elementor-widget-button\" data-id=\"1e39194\" data-element_type=\"widget\" data-e-type=\"widget\" data-widget_type=\"button.default\">\n\t\t\t\t<div class=\"elementor-widget-container\">\n\t\t\t\t\t\t\t\t\t<div class=\"elementor-button-wrapper\">\n\t\t\t\t\t<a class=\"elementor-button elementor-button-link elementor-size-lg elementor-animation-grow\" href=\"#\">\n\t\t\t\t\t\t<span class=\"elementor-button-content-wrapper\">\n\t\t\t\t\t\t\t\t\t<span class=\"elementor-button-text\">M\u00e9i gesinn<\/span>\n\t\t\t\t\t<\/span>\n\t\t\t\t\t<\/a>\n\t\t\t\t<\/div>\n\t\t\t\t\t\t\t\t<\/div>\n\t\t\t\t<\/div>\n\t\t\t\t\t<\/div>\n\t\t\t\t<\/div>\n\t\t<div class=\"elementor-element elementor-element-5e6c0fba e-flex e-con-boxed e-con e-parent\" data-id=\"5e6c0fba\" data-element_type=\"container\" data-e-type=\"container\" data-settings=\"{&quot;background_background&quot;:&quot;classic&quot;}\">\n\t\t\t\t\t<div class=\"e-con-inner\">\n\t\t\t\t<div class=\"elementor-element elementor-element-b9763fb animated-slow elementor-invisible elementor-widget elementor-widget-heading\" data-id=\"b9763fb\" data-element_type=\"widget\" data-e-type=\"widget\" data-settings=\"{&quot;_animation&quot;:&quot;slideInUp&quot;}\" data-widget_type=\"heading.default\">\n\t\t\t\t<div class=\"elementor-widget-container\">\n\t\t\t\t\t<h2 class=\"elementor-heading-title elementor-size-default\">Maacht mat!<\/h2>\t\t\t\t<\/div>\n\t\t\t\t<\/div>\n\t\t<div class=\"elementor-element elementor-element-6338276b e-con-full e-flex e-con e-child\" data-id=\"6338276b\" data-element_type=\"container\" data-e-type=\"container\">\n\t\t<div class=\"elementor-element elementor-element-682c0646 animated-slow e-con-full e-flex elementor-invisible e-con e-child\" data-id=\"682c0646\" data-element_type=\"container\" data-e-type=\"container\" data-settings=\"{&quot;animation&quot;:&quot;fadeInUp&quot;,&quot;animation_delay&quot;:150}\">\n\t\t\t\t<div class=\"elementor-element elementor-element-2b4fa665 elementor-widget elementor-widget-text-editor\" data-id=\"2b4fa665\" data-element_type=\"widget\" data-e-type=\"widget\" data-widget_type=\"text-editor.default\">\n\t\t\t\t<div class=\"elementor-widget-container\">\n\t\t\t\t\t\t\t\t\t<p>Kommt einfach spontan laanscht op eng vun eise Prouwen:<br \/><br \/><strong>All Donneschdeg, 19h30-21h00 an der Kierch zu Steebr\u00e9cken.<\/strong><\/p><p>Oder mellt Iech per Email bei eiser Presidentin:<br data-start=\"567\" data-end=\"570\" \/><a href=\"mailto:mariannekirpach@pt.lu\">mariannekirpach@pt.lu<\/a><\/p>\t\t\t\t\t\t\t\t<\/div>\n\t\t\t\t<\/div>\n\t\t\t\t<\/div>\n\t\t\t\t<\/div>\n\t\t<div class=\"elementor-element elementor-element-96e70a1 e-con-full e-flex e-con e-child\" data-id=\"96e70a1\" data-element_type=\"container\" data-e-type=\"container\">\n\t\t\t\t<div class=\"elementor-element elementor-element-150d583 elementor-widget elementor-widget-text-editor\" data-id=\"150d583\" data-element_type=\"widget\" data-e-type=\"widget\" data-widget_type=\"text-editor.default\">\n\t\t\t\t<div class=\"elementor-widget-container\">\n\t\t\t\t\t\t\t\t\t<p>Dir sangt g\u00e4r a w\u00ebllt musikalesch Momenter deelen? Maacht mat bei d&#8217;Chorale vu Steebr\u00e9cken a gen\u00e9isst d&#8217;Freed vum zesummesangen an enger lieweger an h\u00e4erzlecher Atmosph\u00e4r!<\/p>\t\t\t\t\t\t\t\t<\/div>\n\t\t\t\t<\/div>\n\t\t\t\t<\/div>\n\t\t\t\t\t<\/div>\n\t\t\t\t<\/div>\n\t\t\t\t<\/div>\n\t\t","protected":false},"excerpt":{"rendered":"<p>Eng Passioun an Harmonie Chorale St. Cecile Steebr\u00e9cken Biergem Mir sangen zesummen aus Leidenschaft a deelen d&#8217;Emotioun vun der Musek.Gitt Deel vun eiser musikalescher Famill! D\u2019Chorale entdecken Eng Gemeinsam Passioun, Eng Eenzegaarteg Harmonie Gegr\u00ebnnt vu Museksbegeeschterten, br\u00e9ngt d&#8217;Chorale vu Steebr\u00e9cken S\u00e4nger aus alle Richtungen zesummen, fir d&#8217;Magie vum Chouer-Gesang ze deelen. Mat eise Concerten an [&hellip;]<\/p>\n","protected":false},"author":1,"featured_media":0,"parent":0,"menu_order":0,"comment_status":"closed","ping_status":"closed","template":"elementor_header_footer","meta":{"footnotes":""},"class_list":["post-19","page","type-page","status-publish","hentry"],"_links":{"self":[{"href":"https:\/\/chorale-steebrecken.lu\/index.php?rest_route=\/wp\/v2\/pages\/19","targetHints":{"allow":["GET"]}}],"collection":[{"href":"https:\/\/chorale-steebrecken.lu\/index.php?rest_route=\/wp\/v2\/pages"}],"about":[{"href":"https:\/\/chorale-steebrecken.lu\/index.php?rest_route=\/wp\/v2\/types\/page"}],"author":[{"embeddable":true,"href":"https:\/\/chorale-steebrecken.lu\/index.php?rest_route=\/wp\/v2\/users\/1"}],"replies":[{"embeddable":true,"href":"https:\/\/chorale-steebrecken.lu\/index.php?rest_route=%2Fwp%2Fv2%2Fcomments&post=19"}],"version-history":[{"count":68,"href":"https:\/\/chorale-steebrecken.lu\/index.php?rest_route=\/wp\/v2\/pages\/19\/revisions"}],"predecessor-version":[{"id":223,"href":"https:\/\/chorale-steebrecken.lu\/index.php?rest_route=\/wp\/v2\/pages\/19\/revisions\/223"}],"wp:attachment":[{"href":"https:\/\/chorale-steebrecken.lu\/index.php?rest_route=%2Fwp%2Fv2%2Fmedia&parent=19"}],"curies":[{"name":"wp","href":"https:\/\/api.w.org\/{rel}","templated":true}]}}